{"id":3358,"date":"2022-03-22T14:10:27","date_gmt":"2022-03-22T12:10:27","guid":{"rendered":"https:\/\/www.falken-nuernberg.de\/?page_id=3358"},"modified":"2025-01-07T14:35:59","modified_gmt":"2025-01-07T12:35:59","slug":"amikaro-falkentreff","status":"publish","type":"page","link":"https:\/\/www.falken-nuernberg.de\/?page_id=3358","title":{"rendered":"AMIKARO Falkentreff"},"content":{"rendered":"<p><strong>AMIKARO Falkentreff in Gostenhof<\/strong><\/p>\n<p>Das Amikaro ist seit 2020 unsere Anlaufstelle f\u00fcr Kinder und Jugendliche in Gostenhof.<br \/>\nIm Amikaro treffen sich regelm\u00e4\u00dfig Kindergruppen.<\/p>\n<p>&nbsp;<\/p>\n<p>&nbsp;<\/p>\n<p>&nbsp;<\/p>\n","protected":false},"excerpt":{"rendered":"<p>AMIKARO Falkentreff in Gostenhof Das Amikaro ist seit 2020 unsere Anlaufstelle f\u00fcr Kinder und Jugendliche in Gostenhof. Im Amikaro treffen sich regelm\u00e4\u00dfig Kindergruppen. &nbsp; &nbsp; &nbsp;<\/p>\n","protected":false},"author":6,"featured_media":0,"parent":0,"menu_order":0,"comment_status":"closed","ping_status":"closed","template":"","meta":{"footnotes":""},"class_list":["post-3358","page","type-page","status-publish","hentry"],"_links":{"self":[{"href":"https:\/\/www.falken-nuernberg.de\/index.php?rest_route=\/wp\/v2\/pages\/3358","targetHints":{"allow":["GET"]}}],"collection":[{"href":"https:\/\/www.falken-nuernberg.de\/index.php?rest_route=\/wp\/v2\/pages"}],"about":[{"href":"https:\/\/www.falken-nuernberg.de\/index.php?rest_route=\/wp\/v2\/types\/page"}],"author":[{"embeddable":true,"href":"https:\/\/www.falken-nuernberg.de\/index.php?rest_route=\/wp\/v2\/users\/6"}],"replies":[{"embeddable":true,"href":"https:\/\/www.falken-nuernberg.de\/index.php?rest_route=%2Fwp%2Fv2%2Fcomments&post=3358"}],"version-history":[{"count":5,"href":"https:\/\/www.falken-nuernberg.de\/index.php?rest_route=\/wp\/v2\/pages\/3358\/revisions"}],"predecessor-version":[{"id":3605,"href":"https:\/\/www.falken-nuernberg.de\/index.php?rest_route=\/wp\/v2\/pages\/3358\/revisions\/3605"}],"wp:attachment":[{"href":"https:\/\/www.falken-nuernberg.de\/index.php?rest_route=%2Fwp%2Fv2%2Fmedia&parent=3358"}],"curies":[{"name":"wp","href":"https:\/\/api.w.org\/{rel}","templated":true}]}}