{"id":326,"date":"2014-01-23T12:45:55","date_gmt":"2014-01-23T10:45:55","guid":{"rendered":"http:\/\/www.falken-nuernberg.de\/?page_id=326"},"modified":"2025-05-14T13:50:41","modified_gmt":"2025-05-14T11:50:41","slug":"falkenaktiv-statt-radioaktiv","status":"publish","type":"page","link":"https:\/\/www.falken-nuernberg.de\/?page_id=326","title":{"rendered":"Mitmachen!"},"content":{"rendered":"<h1>Aktiv werden!<\/h1>\n<p>Melde Dich bei uns und lerne uns kennen: buero@falken-nuernberg.de, 0911\/443709. Schnupper bei einem unserer Orga- oder Disku-Aktiventreffen rein oder lerne unsere Ringe kennen:<\/p>\n<p><a href=\"https:\/\/www.falken-nuernberg.de\/wordpress\/wp-content\/uploads\/2021\/06\/oebb.png\"><img loading=\"lazy\" decoding=\"async\" class=\"alignnone size-full wp-image-3220\" src=\"https:\/\/www.falken-nuernberg.de\/wordpress\/wp-content\/uploads\/2021\/06\/oebb.png\" alt=\"\" width=\"1080\" height=\"1079\" srcset=\"https:\/\/www.falken-nuernberg.de\/wordpress\/wp-content\/uploads\/2021\/06\/oebb.png 1080w, https:\/\/www.falken-nuernberg.de\/wordpress\/wp-content\/uploads\/2021\/06\/oebb-300x300.png 300w, https:\/\/www.falken-nuernberg.de\/wordpress\/wp-content\/uploads\/2021\/06\/oebb-1024x1024.png 1024w, https:\/\/www.falken-nuernberg.de\/wordpress\/wp-content\/uploads\/2021\/06\/oebb-150x150.png 150w, https:\/\/www.falken-nuernberg.de\/wordpress\/wp-content\/uploads\/2021\/06\/oebb-768x767.png 768w\" sizes=\"auto, (max-width: 1080px) 100vw, 1080px\" \/><\/a> <a href=\"https:\/\/www.falken-nuernberg.de\/wordpress\/wp-content\/uploads\/2021\/06\/sj.png\"><img loading=\"lazy\" decoding=\"async\" class=\"alignnone size-full wp-image-3221\" src=\"https:\/\/www.falken-nuernberg.de\/wordpress\/wp-content\/uploads\/2021\/06\/sj.png\" alt=\"\" width=\"1080\" height=\"1079\" srcset=\"https:\/\/www.falken-nuernberg.de\/wordpress\/wp-content\/uploads\/2021\/06\/sj.png 1080w, https:\/\/www.falken-nuernberg.de\/wordpress\/wp-content\/uploads\/2021\/06\/sj-300x300.png 300w, https:\/\/www.falken-nuernberg.de\/wordpress\/wp-content\/uploads\/2021\/06\/sj-1024x1024.png 1024w, https:\/\/www.falken-nuernberg.de\/wordpress\/wp-content\/uploads\/2021\/06\/sj-150x150.png 150w, https:\/\/www.falken-nuernberg.de\/wordpress\/wp-content\/uploads\/2021\/06\/sj-768x767.png 768w\" sizes=\"auto, (max-width: 1080px) 100vw, 1080px\" \/><\/a> <a href=\"https:\/\/www.falken-nuernberg.de\/wordpress\/wp-content\/uploads\/2021\/06\/struktur.png\"><img loading=\"lazy\" decoding=\"async\" class=\"alignnone size-full wp-image-3222\" src=\"https:\/\/www.falken-nuernberg.de\/wordpress\/wp-content\/uploads\/2021\/06\/struktur.png\" alt=\"\" width=\"1080\" height=\"1079\" srcset=\"https:\/\/www.falken-nuernberg.de\/wordpress\/wp-content\/uploads\/2021\/06\/struktur.png 1080w, https:\/\/www.falken-nuernberg.de\/wordpress\/wp-content\/uploads\/2021\/06\/struktur-300x300.png 300w, https:\/\/www.falken-nuernberg.de\/wordpress\/wp-content\/uploads\/2021\/06\/struktur-1024x1024.png 1024w, https:\/\/www.falken-nuernberg.de\/wordpress\/wp-content\/uploads\/2021\/06\/struktur-150x150.png 150w, https:\/\/www.falken-nuernberg.de\/wordpress\/wp-content\/uploads\/2021\/06\/struktur-768x767.png 768w\" sizes=\"auto, (max-width: 1080px) 100vw, 1080px\" \/><\/a><\/p>\n<p><a href=\"https:\/\/www.falken-nuernberg.de\/wordpress\/wp-content\/uploads\/2021\/06\/f.png\"><img loading=\"lazy\" decoding=\"async\" class=\"alignnone size-full wp-image-3219\" src=\"https:\/\/www.falken-nuernberg.de\/wordpress\/wp-content\/uploads\/2021\/06\/f.png\" alt=\"\" width=\"1080\" height=\"1079\" srcset=\"https:\/\/www.falken-nuernberg.de\/wordpress\/wp-content\/uploads\/2021\/06\/f.png 1080w, https:\/\/www.falken-nuernberg.de\/wordpress\/wp-content\/uploads\/2021\/06\/f-300x300.png 300w, https:\/\/www.falken-nuernberg.de\/wordpress\/wp-content\/uploads\/2021\/06\/f-1024x1024.png 1024w, https:\/\/www.falken-nuernberg.de\/wordpress\/wp-content\/uploads\/2021\/06\/f-150x150.png 150w, https:\/\/www.falken-nuernberg.de\/wordpress\/wp-content\/uploads\/2021\/06\/f-768x767.png 768w\" sizes=\"auto, (max-width: 1080px) 100vw, 1080px\" \/><\/a><\/p>\n<p>Wir suchen auch:<br \/>\n* Praktikant*innen<br \/>\n* FSJler*innen<br \/>\n* BUFDI*Innen<br \/>\nEs gibt die M\u00f6glichkeit, bei uns Sozialstunden abzuleisten. Dies ist nat\u00fcrlich nur nach Absprache m\u00f6glich und l\u00e4uft in Kooperation mit der KogA des Treffpunkt e.V..<\/p>\n<h1>Mitglied werden!<\/h1>\n<h1>Du kennst die Falken, warst einmal bei uns auf einem Zeltlager oder Seminar dabei und fandest es klasse; du willst, dass sich Kinder in unserer Gesellschaft mehr einbringen und sch\u00e4tzt die Kinder- und Jugendarbeit der Falken?<\/h1>\n<p style=\"text-align: left;\"><strong>Mitgliedsbeitrag j\u00e4hrlich<\/strong>:<\/p>\n<ul>\n<li>Kind bis 16 Jahre (Jahresbeitrag <strong>18 \u20ac plus Solimarke, empfohlen: 1,50 \u20ac)<\/strong><\/li>\n<li>Jugendliche, Azubis, Studierende, Bezieher*innen von Transferleistungen (Jahresbeitrag <strong>48 \u20ac plus Solimarke, empfohlen: 4.- \u20ac)<\/strong><\/li>\n<li>Teilverdiener*innen (Jahresbeitrag <strong>60 \u20ac plus Solimarke, empfohlen: 5.- \u20ac)<\/strong><\/li>\n<li>Vollverdiener*innen (Jahresbeitrag <strong>120 \u20ac plus Solimarke, empfohlen: 10.- \u20ac)<\/strong><\/li>\n<\/ul>\n<p>Mitglieder erhalten unter anderem Rabatte auf alle Ma\u00dfnahmen und Aktionen der Falken in Franken und N\u00fcrnberg. Sollte es dir nicht m\u00f6glich sein, den vollen Mitgliedsbeitrag aufzubringen, wende dich vertrauensvoll an den*die Vorsitzende*n deines zust\u00e4ndigen Ortsvereins oder an <a href=\"mailto:buero@falken-nuernberg.de\">buero@falken-nuernberg.de<\/a>. Wir finden sicherlich eine L\u00f6sung. Wenn du Mitglied bei uns Falken werden m\u00f6chtest, kannst du dich online bei unserem Bundesverband anmelden oder noch einfacher: du schreibst eine Mail an buero@falken-nuernberg.de<\/p>\n<p><strong><a href=\"https:\/\/www.falken-nuernberg.de\/wordpress\/wp-content\/uploads\/2023\/01\/Aufnahmeschein_2022.pdf\">HIER einfach den Mitgliedsantrag ausf\u00fcllen,<\/a> unterschreiben und per Post an unser B\u00fcro schicken: Karl-Br\u00f6ger-Str.9, 90459 N\u00fcrnberg<\/strong><\/p>\n<p><strong>Mitgliedschaft f\u00fcr Alle!<\/strong><\/p>\n<p><a href=\"https:\/\/www.falken-nuernberg.de\/wordpress\/wp-content\/uploads\/2012\/03\/BuT_orange.jpg\"><img loading=\"lazy\" decoding=\"async\" class=\"alignleft wp-image-427\" src=\"https:\/\/www.falken-nuernberg.de\/wordpress\/wp-content\/uploads\/2012\/03\/BuT_orange-1024x1024.jpg\" alt=\"\" width=\"104\" height=\"104\" srcset=\"https:\/\/www.falken-nuernberg.de\/wordpress\/wp-content\/uploads\/2012\/03\/BuT_orange-1024x1024.jpg 1024w, https:\/\/www.falken-nuernberg.de\/wordpress\/wp-content\/uploads\/2012\/03\/BuT_orange-150x150.jpg 150w, https:\/\/www.falken-nuernberg.de\/wordpress\/wp-content\/uploads\/2012\/03\/BuT_orange-300x300.jpg 300w\" sizes=\"auto, (max-width: 104px) 100vw, 104px\" \/><\/a>Mitgliedsbeitr\u00e4ge und Teilnahmebeitr\u00e4ge f\u00fcr unsere Freizeiten und Seminare k\u00f6nnt ihr mit Bildungs- und Teilhabe Gutscheinen bezahlen. Was sind Bildungs- und Teilhabe Gutscheine und wo gibt\u00b4s die?<br \/>\nMehr Infos findet ihr\u00a0<a href=\"http:\/\/www.nuernberg.de\/internet\/sozialamt\/but_gutscheine_teilhabe.html\">hier<\/a>!<\/p>\n<p>Zudem gibt es auch die M\u00f6glichkeit beim Jugendamt der Stadt N\u00fcrnberg\u00a0<a href=\"http:\/\/www.jugendamt.nuernberg.de\/finanzen\/kosten.html#ferienmassnahmen\">Zuschuss f\u00fcr Ferienma\u00dfnahmen<\/a>\u00a0zu beantragen.<\/p>\n<p><strong>Werde Zeltlagerpat*in!<\/strong><\/p>\n<p>Nat\u00fcrlich versuchen wir, unsere Teilnehmer*innenbeitr\u00e4ge f\u00fcr unsere Zeltlager so gering wie m\u00f6glich zu halten. F\u00fcr manche Kinder ist es aber dennoch schwierig, den Beitrag aufzubringen. Unterst\u00fctze sie, indem du Zeltlagerpat*in wirst. Schreibe dazu eine Mail an buero@falken-nuernberg.de<\/p>\n","protected":false},"excerpt":{"rendered":"<p>Aktiv werden! Melde Dich bei uns und lerne uns kennen: buero@falken-nuernberg.de, 0911\/443709. Schnupper bei einem unserer Orga- oder Disku-Aktiventreffen rein oder lerne unsere Ringe kennen: Wir suchen auch: * Praktikant*innen * FSJler*innen * BUFDI*Innen Es gibt die M\u00f6glichkeit, bei uns &hellip; <a href=\"https:\/\/www.falken-nuernberg.de\/?page_id=326\">Weiterlesen <span class=\"meta-nav\">&rarr;<\/span><\/a><\/p>\n","protected":false},"author":6,"featured_media":0,"parent":0,"menu_order":10,"comment_status":"closed","ping_status":"closed","template":"","meta":{"footnotes":""},"class_list":["post-326","page","type-page","status-publish","hentry"],"_links":{"self":[{"href":"https:\/\/www.falken-nuernberg.de\/index.php?rest_route=\/wp\/v2\/pages\/326","targetHints":{"allow":["GET"]}}],"collection":[{"href":"https:\/\/www.falken-nuernberg.de\/index.php?rest_route=\/wp\/v2\/pages"}],"about":[{"href":"https:\/\/www.falken-nuernberg.de\/index.php?rest_route=\/wp\/v2\/types\/page"}],"author":[{"embeddable":true,"href":"https:\/\/www.falken-nuernberg.de\/index.php?rest_route=\/wp\/v2\/users\/6"}],"replies":[{"embeddable":true,"href":"https:\/\/www.falken-nuernberg.de\/index.php?rest_route=%2Fwp%2Fv2%2Fcomments&post=326"}],"version-history":[{"count":26,"href":"https:\/\/www.falken-nuernberg.de\/index.php?rest_route=\/wp\/v2\/pages\/326\/revisions"}],"predecessor-version":[{"id":3658,"href":"https:\/\/www.falken-nuernberg.de\/index.php?rest_route=\/wp\/v2\/pages\/326\/revisions\/3658"}],"wp:attachment":[{"href":"https:\/\/www.falken-nuernberg.de\/index.php?rest_route=%2Fwp%2Fv2%2Fmedia&parent=326"}],"curies":[{"name":"wp","href":"https:\/\/api.w.org\/{rel}","templated":true}]}}