{"id":29,"date":"2012-03-17T12:49:25","date_gmt":"2012-03-17T12:49:25","guid":{"rendered":"http:\/\/www.falken-nuernberg.de\/wordpress\/?page_id=29"},"modified":"2026-03-24T16:53:54","modified_gmt":"2026-03-24T14:53:54","slug":"kontakt","status":"publish","type":"page","link":"https:\/\/www.falken-nuernberg.de\/?page_id=29","title":{"rendered":"Impressum\/Datenschutz"},"content":{"rendered":"<p>SJD-Die Falken Unterbezirk N\u00fcrnberg<a href=\"http:\/\/www.falken-nuernberg.de\/wordpress\/wp-content\/uploads\/2012\/03\/logo_name.jpg\"><img loading=\"lazy\" decoding=\"async\" class=\"wp-image-293 alignleft\" src=\"http:\/\/www.falken-nuernberg.de\/wordpress\/wp-content\/uploads\/2012\/03\/logo_name-300x300.jpg\" alt=\"logo_name\" width=\"188\" height=\"188\" srcset=\"https:\/\/www.falken-nuernberg.de\/wordpress\/wp-content\/uploads\/2012\/03\/logo_name-300x300.jpg 300w, https:\/\/www.falken-nuernberg.de\/wordpress\/wp-content\/uploads\/2012\/03\/logo_name-150x150.jpg 150w, https:\/\/www.falken-nuernberg.de\/wordpress\/wp-content\/uploads\/2012\/03\/logo_name-299x300.jpg 299w, https:\/\/www.falken-nuernberg.de\/wordpress\/wp-content\/uploads\/2012\/03\/logo_name.jpg 923w\" sizes=\"auto, (max-width: 188px) 100vw, 188px\" \/><\/a><br \/>\nKarl-Br\u00f6ger-Stra\u00dfe 9<br \/>\n90459 N\u00fcrnberg<\/p>\n<p>Tel.: 0911\/443709\u00a0\u00a0 Fax.: 0911\/455171<br \/>\nMail.: buero[at]falken-nuernberg.de<br \/>\nhttps:\/\/www.facebook.com\/falkennuernberg?fref=ts<\/p>\n<p>&nbsp;<\/p>\n<p>Kontodaten: Sparkasse N\u00fcrnberg<br \/>\nIBAN: DE10 7605 0101 0001 0565 72<br \/>\nBIC: SSKNDE77XXX<\/p>\n<p><strong>Du kennst die Falken, warst einmal bei uns auf einem Zeltlager oder Seminar dabei und fandest es klasse? Du willst dass sich Kinder in unserer Gesellschaft mehr einbringen? Du sch\u00e4tzt die Kinder- und Jugendarbeit der Falken? Dann &#8230;<\/strong><\/p>\n<h2>Werde doch einfach F\u00f6rdermitglied bei den Falken!<\/h2>\n<p style=\"text-align: left;\">F\u00f6rdermitgliedsantrag <strong><a href=\"https:\/\/www.falken-nuernberg.de\/wordpress\/wp-content\/uploads\/2024\/03\/Aufnahmeschein_2022_Foerdermitgliedschaft_SEPA.pdf\" target=\"_blank\" rel=\"noopener\">hier<\/a><\/strong> als Download.<\/p>\n<p>&nbsp;<\/p>\n<p class=\"s3-t s3-t0\"><strong><big>Datenschutzerkl\u00e4rung<\/big><\/strong><\/p>\n<p>Diese Datenschutzerkl\u00e4rung informiert \u00fcber die Verarbeitung personenbezogener Daten im Rahmen der SJD &#8211; Die Falken Unterbezirk N\u00fcrnberg Homepage (Informationspflicht nach Art. 13 und 14 EU-Datenschutz-Grundverordnung (EU-DSGVO).<\/p>\n<p>Diese Datenschutzerkl\u00e4rung ist aktuell g\u00fcltig und hat den Stand Mai 2018. Durch die Weiterentwicklung unserer Website und Angebote dar\u00fcber oder aufgrund ge\u00e4nderter gesetzlicher beziehungsweise beh\u00f6rdlicher Vorgaben kann es notwendig werden, diese Datenschutzerkl\u00e4rung zu \u00e4ndern. Die jeweils aktuelle Datenschutzerkl\u00e4rung kann jederzeit auf der Website an dieser Stelle\u00a0abgerufen und ausgedruckt werden.<\/p>\n<p>SJD &#8211; Die Falken UB N\u00fcrnberg hat als f\u00fcr die Verarbeitung Verantwortlicher zahlreiche technische und organisatorische Ma\u00dfnahmen umgesetzt, um einen m\u00f6glichst l\u00fcckenlosen Schutz der \u00fcber diese Internetseite verarbeiteten personenbezogenen Daten sicherzustellen. Dennoch k\u00f6nnen Internetbasierte Daten\u00fcbertragungen grunds\u00e4tzlich Sicherheitsl\u00fccken aufweisen, sodass ein absoluter Schutz nicht gew\u00e4hrleistet werden kann. Aus diesem Grund steht es jeder betroffenen Person frei, personenbezogene Daten auch auf alternativen Wegen, beispielsweise telefonisch, an uns zu \u00fcbermitteln.<\/p>\n<h1 class=\"s3-t s3-t0\"><strong>Anbieter und verantwortliche Stelle im Sinne des Datenschutzgesetzes<\/strong><\/h1>\n<p class=\"s3-t s3-t0\"><span id=\"s3-t-firma\">SJD-Die Falken Unterbezirk N\u00fcrnberg<br \/>\n<\/span>Vorstand<br \/>\n<span id=\"s3-t-strasse\">Karl-Br\u00f6ger-Str. 9<\/span><br \/>\n<span id=\"s3-t-plz\">90459<\/span>\u00a0<span id=\"s3-t-ort\">N\u00fcrnberg<\/span><\/p>\n<h1>Rechtsgrundlagen<\/h1>\n<p>Art. 6 Abs. 1 lit. a EU-DSGVO ist Rechtsgrundlage f\u00fcr das Einholen von Einwilligungen. Art. 6 Abs. 1 lit. b EU-DSGVO ist Rechtsgrundlage f\u00fcr die Verarbeitung personenbezogener Daten zur Erf\u00fcllung eines Vertrags und zur Beantwortung von Anfragen. Art.6 Abs. 1 lit. c EU-DSGVO ist Rechtsgrundlage f\u00fcr die Erf\u00fcllung einer rechtlichen Verpflichtung des Kinder- und Jugendverbandes SJD-Die Falken UB N\u00fcrnberg. Art.\u00a06 Abs. 1 lit. d EU-DSGVO ist Rechtsgrundlage f\u00fcr den Fall, dass lebenswichtige Interessen der betroffenen Person oder einer anderen nat\u00fcrlichen Person eine Verarbeitung personenbezogener Daten erforderlich macht. Art. 6 Abs. 1 lit. f EU-DSGVO ist Rechtsgrundlage, wenn die Verarbeitung zur Wahrung eines berechtigten Interesses von SJD-Die Falken UB N\u00fcrnberg oder eines Dritten erforderlich ist und die Interessen, Grundrechte und Grundfreiheiten des Betroffenen das erstgenannte Interesse nicht, \u00fcberwiegen.<\/p>\n<h1>Erbringung unserer satzungs- und gesch\u00e4ftsgem\u00e4\u00dfen Leistungen<\/h1>\n<p>Wir verarbeiten die Daten unserer Mitglieder, Unterst\u00fctzer, Interessenten, Kunden oder sonstiger Personen entsprechend Art. 6 Abs. 1 lit. b. DSGVO, sofern wir ihnen gegen\u00fcber vertragliche Leistungen anbieten oder im Rahmen bestehender gesch\u00e4ftlicher Beziehung, z.B. gegen\u00fcber Mitgliedern, t\u00e4tig werden oder selbst Empf\u00e4nger von Leistungen und Zuwendungen sind. Im \u00dcbrigen verarbeiten wir die Daten betroffener Personen gem. Art. 6 Abs. 1 lit. f. DSGVO auf Grundlage unserer berechtigten Interessen, z.B. wenn es sich um administrative Aufgaben oder \u00d6ffentlichkeitsarbeit handelt.<\/p>\n<p>Die hierbei verarbeiteten Daten, die Art, der Umfang und der Zweck und die Erforderlichkeit ihrer Verarbeitung bestimmen sich nach dem zugrundeliegenden Vertragsverh\u00e4ltnis. Dazu geh\u00f6ren grunds\u00e4tzlich Bestands- und Stammdaten der Personen (z.B., Name, Adresse, etc.), als auch die Kontaktdaten (z.B., E-Mailadresse, Telefon, etc.), die Vertragsdaten (z.B., in Anspruch genommene Leistungen, mitgeteilte Inhalte und Informationen, Namen von Kontaktpersonen) und sofern wir zahlungspflichtige Leistungen oder Produkte anbieten, Zahlungsdaten (z.B., Bankverbindung, Zahlungshistorie, etc.).<\/p>\n<p>Wir l\u00f6schen Daten, die zur Erbringung unserer satzungs- und gesch\u00e4ftsm\u00e4\u00dfigen Zwecke nicht mehr erforderlich sind. Dies bestimmt sich entsprechend der jeweiligen Aufgaben und vertraglichen Beziehungen. Im Fall gesch\u00e4ftlicher Verarbeitung bewahren wir die Daten so lange auf, wie sie zur Gesch\u00e4ftsabwicklung, als auch im Hinblick auf etwaige Gew\u00e4hrleistungs- oder Haftungspflichten relevant sein k\u00f6nnen. Die Erforderlichkeit der Aufbewahrung der Daten wird alle drei Jahre \u00fcberpr\u00fcft; im \u00dcbrigen gelten die gesetzlichen Aufbewahrungspflichten.<\/p>\n<h1>Datenerhebung und -verarbeitung<\/h1>\n<p>Der Gro\u00dfteil der SJD-Die Falken UB N\u00fcrnberg Homepage kann ohne Angaben von personenbezogenen Daten genutzt werden. An einigen Stellen haben BenutzerInnen die M\u00f6glichkeit, Kontakt mit uns aufzunehmen oder weitere Dienste zu nutzen (z.B. ein Kontaktformular absenden, f\u00fcr Veranstaltungen anmelden).\u00a0 Dort erheben wir nur die Daten, die wir f\u00fcr diesen Zweck ben\u00f6tigen. Eine Nutzung zu anderen Zwecken erfolgt nicht, au\u00dfer es wurde eingewilligt.<\/p>\n<p class=\"s3-t s3-t5\"><strong>Kommentarfunktion<\/strong><\/p>\n<p class=\"s3-t s3-t5\">Werden Kommentare oder sonstige Beitr\u00e4ge auf unserem Angebot verfasst und ver\u00f6ffentlicht, speichern wir die IP-Adresse, den Nutzernamen und den Zeitpunkt der Erstellung. Diese Daten werden aus Sicherheitsgr\u00fcnden erhoben, da der Anbieter f\u00fcr rechtswidrige Inhalte (verbotene Propaganda, Beleidigungen u.a.) belangt werden kann, auch wenn sie von dritter Seite erstellt wurden. In einem solchen Fall dienen die Informationen dazu, die Identit\u00e4t des Verfassers zu ermitteln.<\/p>\n<p class=\"s3-t s3-t8\"><strong>Kontaktformular<\/strong><\/p>\n<p class=\"s3-t s3-t8\">Wenn Sie uns \u00fcber das Onlineformular oder per E-Mail kontaktieren, speichern wir die von Ihnen gemachten Angaben, um Ihre Anfrage beantworten und m\u00f6gliche Anschlussfragen stellen zu k\u00f6nnen.<\/p>\n<p class=\"s3-t s3-t9\"><strong>Einbindung von Diensten und Inhalten Dritter<\/strong><\/p>\n<p class=\"s3-t s3-t9\">Unser Angebot umfasst mitunter Inhalte, Dienste und Leistungen anderer Anbieter. Das sind zum Beispiel Karten, die von Google-Maps zur Verf\u00fcgung gestellt werden, Videos von YouTube sowie Grafiken und Bilder anderer Webseiten. Damit diese Daten im Browser des Nutzers aufgerufen und dargestellt werden k\u00f6nnen, ist die \u00dcbermittlung der IP-Adresse zwingend notwendig. Die Anbieter (im Folgenden als \u201eDritt-Anbieter\u201c bezeichnet) nehmen also die IP-Adresse des jeweiligen Nutzers wahr.<\/p>\n<p class=\"s3-t s3-t9\">Auch wenn wir bem\u00fcht sind, ausschlie\u00dflich Dritt-Anbieter zu nutzen, welche die IP-Adresse nur ben\u00f6tigen, um Inhalte ausliefern zu k\u00f6nnen, haben wir keinen Einfluss darauf, ob die IP-Adresse m\u00f6glicherweise gespeichert wird. Dieser Vorgang dient in dem Fall unter anderem statistischen Zwecken. Sofern wir Kenntnis davon haben, dass die IP-Adresse gespeichert wird, weisen wir unsere Nutzer darauf hin.<\/p>\n<p class=\"s3-t s3-t17\"><strong>Facebook Social Plug-in<\/strong><\/p>\n<p class=\"s3-t s3-t17\">Wir binden auf unseren Webseiten Plug-ins des sozialen Netzwerks Facebook (Anschrift: 1601 South California Avenue, Palo Alto, CA 94304, USA) ein. Sie erkennen die Plug-ins &#8211; eine \u00dcbersicht finden Sie hier:\u00a0<a href=\"http:\/\/developers.facebook.com\/docs\/plugins\/\">http:\/\/developers.facebook.com\/docs\/Plug-ins\/<\/a>\u00a0&#8211; am Like-Button (Gef\u00e4llt mir) oder am Logo von Facebook.<\/p>\n<p class=\"s3-t s3-t17\">Rufen Sie eine unserer Webseiten mit Facebook Plug-in auf, wird eine direkte Verbindung mit Facebook aufgebaut. Auf die Art und den Umfang der Daten, die dabei von Facebook erhoben, gespeichert und verarbeitet werden, haben wir keinen Einfluss. Wir k\u00f6nnen Sie lediglich entsprechend unseres Kenntnisstandes informieren.<\/p>\n<p class=\"s3-t s3-t17\">Facebook wird \u00fcber das Plug-in informiert, dass Sie die entsprechende Webseite unseres Angebots aufgerufen haben. Das gilt auch f\u00fcr Nutzer, die nicht bei Facebook registriert sind. In dem Fall besteht die M\u00f6glichkeit, dass Facebook die IP-Adresse speichert.<\/p>\n<p class=\"s3-t s3-t17\">Sind Sie Mitglied bei Facebook und eingeloggt, kann der Aufruf einer Webseite mit Facebook Plug-in Ihrem Nutzerkonto bei Facebook eindeutig zugeordnet werden. Dar\u00fcber hinaus \u00fcbermitteln die Plug-ins alle Interaktionen, wenn Sie zum Beispiel den Like-Button nutzen oder einen Kommentar hinterlassen.<\/p>\n<p class=\"s3-t s3-t17\">Um zu verhindern, dass Facebook Daten \u00fcber Sie speichert, loggen Sie sich vor dem Besuch unserer Webseiten bitte bei Facebook aus. Sie k\u00f6nnen die Plug-ins dar\u00fcber hinaus mit Add-ons f\u00fcr den Browser blocken (zum Beispiel \u201eFacebook Blocker\u201c).<\/p>\n<p class=\"s3-t s3-t17\">Informationen zu den Datenschutzbestimmungen, dem Zweck und Umfang der Datenerfassung und Datenverarbeitung sowie den Einstellm\u00f6glichkeiten zum Schutz der Privatsph\u00e4re bei Facebook erhalten Sie hier: http:\/\/www.facebook.com\/privacy\/explanation.php.<\/p>\n<p class=\"s3-t s3-t0\"><strong>Ihre Rechte auf Auskunft, Berichtigung, Sperre, L\u00f6schung und Widerspruch<\/strong><\/p>\n<p class=\"s3-t s3-t0\">Sie haben das Recht, auf Antrag unentgeltlich eine Auskunft, \u00fcber die bei uns gespeicherten personenbezogenen Daten, anzufordern und\/oder eine Berichtigung, Sperrung oder L\u00f6schung zu verlangen. Ausnahmen: Es handelt sich um die vorgeschriebene Datenspeicherung zur Gesch\u00e4ftsabwicklung oder die Daten unterliegen der gesetzlichen Aufbewahrungspflicht.<\/p>\n<p class=\"s3-t s3-t0\">F\u00fcr diese Zwecke kontaktieren Sie bitte unter buero[at]falken-nuernberg.de<\/p>\n<p class=\"s3-t s3-t0\"><strong>\u00c4nderung unserer Datenschutzerkl\u00e4rung<\/strong><\/p>\n<p class=\"s3-t s3-t0\">Um zu gew\u00e4hrleisten, dass unsere Datenschutzerkl\u00e4rung stets den aktuellen gesetzlichen Vorgaben entspricht, behalten wir uns jederzeit \u00c4nderungen vor. Das gilt auch f\u00fcr den Fall, dass die Datenschutzerkl\u00e4rung aufgrund neuer oder \u00fcberarbeiteter Leistungen, zum Beispiel neuer Serviceleistungen, angepasst werden muss. Die neue Datenschutzerkl\u00e4rung greift dann bei Ihrem n\u00e4chsten Besuch auf unserem Angebot.<\/p>\n<p class=\"s3-t s3-t0\"><small>Quelle(n): Informationen des BJR, Datenschutz-Konfigurator von\u00a0<a href=\"http:\/\/www.mein-datenschutzbeauftragter.de\/\" target=\"_blank\" rel=\"noopener\">mein-datenschutzbeauftragter.de<\/a><\/small><\/p>\n","protected":false},"excerpt":{"rendered":"<p>SJD-Die Falken Unterbezirk N\u00fcrnberg Karl-Br\u00f6ger-Stra\u00dfe 9 90459 N\u00fcrnberg Tel.: 0911\/443709\u00a0\u00a0 Fax.: 0911\/455171 Mail.: buero[at]falken-nuernberg.de https:\/\/www.facebook.com\/falkennuernberg?fref=ts &nbsp; Kontodaten: Sparkasse N\u00fcrnberg IBAN: DE10 7605 0101 0001 0565 72 BIC: SSKNDE77XXX Du kennst die Falken, warst einmal bei uns auf einem Zeltlager oder &hellip; <a href=\"https:\/\/www.falken-nuernberg.de\/?page_id=29\">Weiterlesen <span class=\"meta-nav\">&rarr;<\/span><\/a><\/p>\n","protected":false},"author":5,"featured_media":0,"parent":0,"menu_order":100,"comment_status":"open","ping_status":"open","template":"sidebar-page.php","meta":{"footnotes":""},"class_list":["post-29","page","type-page","status-publish","hentry"],"_links":{"self":[{"href":"https:\/\/www.falken-nuernberg.de\/index.php?rest_route=\/wp\/v2\/pages\/29","targetHints":{"allow":["GET"]}}],"collection":[{"href":"https:\/\/www.falken-nuernberg.de\/index.php?rest_route=\/wp\/v2\/pages"}],"about":[{"href":"https:\/\/www.falken-nuernberg.de\/index.php?rest_route=\/wp\/v2\/types\/page"}],"author":[{"embeddable":true,"href":"https:\/\/www.falken-nuernberg.de\/index.php?rest_route=\/wp\/v2\/users\/5"}],"replies":[{"embeddable":true,"href":"https:\/\/www.falken-nuernberg.de\/index.php?rest_route=%2Fwp%2Fv2%2Fcomments&post=29"}],"version-history":[{"count":45,"href":"https:\/\/www.falken-nuernberg.de\/index.php?rest_route=\/wp\/v2\/pages\/29\/revisions"}],"predecessor-version":[{"id":3696,"href":"https:\/\/www.falken-nuernberg.de\/index.php?rest_route=\/wp\/v2\/pages\/29\/revisions\/3696"}],"wp:attachment":[{"href":"https:\/\/www.falken-nuernberg.de\/index.php?rest_route=%2Fwp%2Fv2%2Fmedia&parent=29"}],"curies":[{"name":"wp","href":"https:\/\/api.w.org\/{rel}","templated":true}]}}