{"id":2753,"date":"2020-03-21T16:00:51","date_gmt":"2020-03-21T14:00:51","guid":{"rendered":"http:\/\/www.falken-nuernberg.de\/?page_id=2753"},"modified":"2020-03-22T10:28:26","modified_gmt":"2020-03-22T08:28:26","slug":"%f0%9f%8e%a8-karten-basteln-und-beschriften","status":"publish","type":"page","link":"https:\/\/www.falken-nuernberg.de\/?page_id=2753","title":{"rendered":"\ud83c\udfa8 KARTEN BASTELN UND BESCHRIFTEN"},"content":{"rendered":"<p>Es gibt viele M\u00f6glichkeiten, die Karten bunt zu machen, alles ist erlaubt. Du kannst ein Bild malen oder eine von unseren Vorschl\u00e4gen ausprobieren. Kartenrohlinge kann man in Schreibwarenabteilungen von Superm\u00e4rkten oder Drogerien kaufen, oder man schneidet sie aus Tonpapier selbst zurecht. Wir machen die Karten bunt, weil es bei den Empf\u00e4nger*innen hoffentlich aussagt, wie wichtig es uns ist. Und nat\u00fcrlich auch, weil wir Zeit haben und gerne basteln. Wen du selbst nicht gerne bastelst, kannst du nat\u00fcrlich auch andere Karten mit dem Text verschicken. Das ist auch gut. Hier aber trotzdem ein paar Bastelvorschl\u00e4ge:<\/p>\n<h1>\ud83e\udd55 Drucken<\/h1>\n<p>Nimm dir verschiedene Materialien z. B. einen Korken und Wattest\u00e4bchen. Die kannst du in Farbe eintunken und Muster auf die Karte drucken. Mit einem Messer und einem Erwachsenen zusammen kann man auch Formen in eine Kartoffel oder Karotte schnitzen und damit drucken.<br \/>\n<a href=\"http:\/\/www.falken-nuernberg.de\/wordpress\/wp-content\/uploads\/2020\/03\/Drucken2-scaled.jpg\"><img loading=\"lazy\" decoding=\"async\" class=\"alignnone size-full wp-image-2837\" src=\"http:\/\/www.falken-nuernberg.de\/wordpress\/wp-content\/uploads\/2020\/03\/Drucken2-scaled.jpg\" alt=\"Postkarte drucken\" width=\"2560\" height=\"2560\" srcset=\"https:\/\/www.falken-nuernberg.de\/wordpress\/wp-content\/uploads\/2020\/03\/Drucken2-scaled.jpg 2560w, https:\/\/www.falken-nuernberg.de\/wordpress\/wp-content\/uploads\/2020\/03\/Drucken2-300x300.jpg 300w, https:\/\/www.falken-nuernberg.de\/wordpress\/wp-content\/uploads\/2020\/03\/Drucken2-1024x1024.jpg 1024w, https:\/\/www.falken-nuernberg.de\/wordpress\/wp-content\/uploads\/2020\/03\/Drucken2-150x150.jpg 150w, https:\/\/www.falken-nuernberg.de\/wordpress\/wp-content\/uploads\/2020\/03\/Drucken2-768x768.jpg 768w, https:\/\/www.falken-nuernberg.de\/wordpress\/wp-content\/uploads\/2020\/03\/Drucken2-1536x1536.jpg 1536w, https:\/\/www.falken-nuernberg.de\/wordpress\/wp-content\/uploads\/2020\/03\/Drucken2-2048x2048.jpg 2048w\" sizes=\"auto, (max-width: 2560px) 100vw, 2560px\" \/><\/a><br \/>\n&nbsp;<\/p>\n<h1>\ud83e\uddb7 Zahnb\u00fcrste<\/h1>\n<p>Du holst dir die Zahnb\u00fcrste deines Mitbewohners oder deiner gro\u00dfen Schwester (nat\u00fcrlich fragen!) und tunkst sie in Farbe. Dann bespritzt du die Karten, indem du mit den Fingern \u00fcber die Zahnb\u00fcrste f\u00e4hrst. Vorsicht es spritzt \u00fcberall hin, also muss man alles gro\u00dffl\u00e4chig mit Zeitungspapier auslegen oder in den Garten\/Hinterhof gehen.<br \/>\n<a href=\"http:\/\/www.falken-nuernberg.de\/wordpress\/wp-content\/uploads\/2020\/03\/zahnbu\u0308rste1-scaled.jpg\"><img loading=\"lazy\" decoding=\"async\" class=\"alignnone size-full wp-image-2847\" src=\"http:\/\/www.falken-nuernberg.de\/wordpress\/wp-content\/uploads\/2020\/03\/zahnbu\u0308rste1-scaled.jpg\" alt=\"Zahnb\u00fcrste\" width=\"2560\" height=\"2560\" srcset=\"https:\/\/www.falken-nuernberg.de\/wordpress\/wp-content\/uploads\/2020\/03\/zahnbu\u0308rste1-scaled.jpg 2560w, https:\/\/www.falken-nuernberg.de\/wordpress\/wp-content\/uploads\/2020\/03\/zahnbu\u0308rste1-300x300.jpg 300w, https:\/\/www.falken-nuernberg.de\/wordpress\/wp-content\/uploads\/2020\/03\/zahnbu\u0308rste1-1024x1024.jpg 1024w, https:\/\/www.falken-nuernberg.de\/wordpress\/wp-content\/uploads\/2020\/03\/zahnbu\u0308rste1-150x150.jpg 150w, https:\/\/www.falken-nuernberg.de\/wordpress\/wp-content\/uploads\/2020\/03\/zahnbu\u0308rste1-768x768.jpg 768w, https:\/\/www.falken-nuernberg.de\/wordpress\/wp-content\/uploads\/2020\/03\/zahnbu\u0308rste1-1536x1536.jpg 1536w, https:\/\/www.falken-nuernberg.de\/wordpress\/wp-content\/uploads\/2020\/03\/zahnbu\u0308rste1-2048x2048.jpg 2048w\" sizes=\"auto, (max-width: 2560px) 100vw, 2560px\" \/><\/a><br \/>\n&nbsp;<\/p>\n<h1>\ud83d\udca8 Pusten<\/h1>\n<p>Du brauchst relativ d\u00fcnne Farbe. z.B. Wasserfarbe. Dann machst du Farbtropfen auf die Karte und pustest den Tropfen mit einem Strohhalm in alle Richtungen.<br \/>\n<a href=\"http:\/\/www.falken-nuernberg.de\/wordpress\/wp-content\/uploads\/2020\/03\/pusten1-scaled.jpg\"><img loading=\"lazy\" decoding=\"async\" class=\"alignnone size-full wp-image-2842\" src=\"http:\/\/www.falken-nuernberg.de\/wordpress\/wp-content\/uploads\/2020\/03\/pusten1-scaled.jpg\" alt=\"Pusten\" width=\"2560\" height=\"2560\" srcset=\"https:\/\/www.falken-nuernberg.de\/wordpress\/wp-content\/uploads\/2020\/03\/pusten1-scaled.jpg 2560w, https:\/\/www.falken-nuernberg.de\/wordpress\/wp-content\/uploads\/2020\/03\/pusten1-300x300.jpg 300w, https:\/\/www.falken-nuernberg.de\/wordpress\/wp-content\/uploads\/2020\/03\/pusten1-1024x1024.jpg 1024w, https:\/\/www.falken-nuernberg.de\/wordpress\/wp-content\/uploads\/2020\/03\/pusten1-150x150.jpg 150w, https:\/\/www.falken-nuernberg.de\/wordpress\/wp-content\/uploads\/2020\/03\/pusten1-768x768.jpg 768w, https:\/\/www.falken-nuernberg.de\/wordpress\/wp-content\/uploads\/2020\/03\/pusten1-1536x1536.jpg 1536w, https:\/\/www.falken-nuernberg.de\/wordpress\/wp-content\/uploads\/2020\/03\/pusten1-2048x2048.jpg 2048w\" sizes=\"auto, (max-width: 2560px) 100vw, 2560px\" \/><\/a><br \/>\n&nbsp;<\/p>\n<h1>\u26bd Rollen<\/h1>\n<p>Du brauchst einen Karton, z.B. den Deckel eines Schuhkartons. Dann am besten eine Murmel oder einen Flummi, der dreckig werden darf. Lege die Karte in die Mitte des Kartons. Such dir ein paar Farben aus und mache Farbkleckse damit im Karton, aber nicht auf der Karte. Die Farbe muss relativ dickfl\u00fcssig sein. z.B. Akrylfarbe. Dann tu die Murmel\/den Ball rein und bewege den Karton so, dass der Ball hin und her durch die Farbe und \u00fcber die Karte rollt.<br \/>\n<a href=\"http:\/\/www.falken-nuernberg.de\/wordpress\/wp-content\/uploads\/2020\/03\/rollen1-scaled.jpg\"><img loading=\"lazy\" decoding=\"async\" class=\"alignnone size-full wp-image-2844\" src=\"http:\/\/www.falken-nuernberg.de\/wordpress\/wp-content\/uploads\/2020\/03\/rollen1-scaled.jpg\" alt=\"Rollen\" width=\"2560\" height=\"2560\" srcset=\"https:\/\/www.falken-nuernberg.de\/wordpress\/wp-content\/uploads\/2020\/03\/rollen1-scaled.jpg 2560w, https:\/\/www.falken-nuernberg.de\/wordpress\/wp-content\/uploads\/2020\/03\/rollen1-300x300.jpg 300w, https:\/\/www.falken-nuernberg.de\/wordpress\/wp-content\/uploads\/2020\/03\/rollen1-1024x1024.jpg 1024w, https:\/\/www.falken-nuernberg.de\/wordpress\/wp-content\/uploads\/2020\/03\/rollen1-150x150.jpg 150w, https:\/\/www.falken-nuernberg.de\/wordpress\/wp-content\/uploads\/2020\/03\/rollen1-768x768.jpg 768w, https:\/\/www.falken-nuernberg.de\/wordpress\/wp-content\/uploads\/2020\/03\/rollen1-1536x1536.jpg 1536w, https:\/\/www.falken-nuernberg.de\/wordpress\/wp-content\/uploads\/2020\/03\/rollen1-2048x2048.jpg 2048w\" sizes=\"auto, (max-width: 2560px) 100vw, 2560px\" \/><\/a><br \/>\n<a href=\"http:\/\/www.falken-nuernberg.de\/wordpress\/wp-content\/uploads\/2020\/03\/rollen2-scaled.jpg\"><img loading=\"lazy\" decoding=\"async\" class=\"alignnone size-full wp-image-2845\" src=\"http:\/\/www.falken-nuernberg.de\/wordpress\/wp-content\/uploads\/2020\/03\/rollen2-scaled.jpg\" alt=\"Rollen\" width=\"2560\" height=\"2560\" srcset=\"https:\/\/www.falken-nuernberg.de\/wordpress\/wp-content\/uploads\/2020\/03\/rollen2-scaled.jpg 2560w, https:\/\/www.falken-nuernberg.de\/wordpress\/wp-content\/uploads\/2020\/03\/rollen2-300x300.jpg 300w, https:\/\/www.falken-nuernberg.de\/wordpress\/wp-content\/uploads\/2020\/03\/rollen2-1024x1024.jpg 1024w, https:\/\/www.falken-nuernberg.de\/wordpress\/wp-content\/uploads\/2020\/03\/rollen2-150x150.jpg 150w, https:\/\/www.falken-nuernberg.de\/wordpress\/wp-content\/uploads\/2020\/03\/rollen2-768x768.jpg 768w, https:\/\/www.falken-nuernberg.de\/wordpress\/wp-content\/uploads\/2020\/03\/rollen2-1536x1536.jpg 1536w, https:\/\/www.falken-nuernberg.de\/wordpress\/wp-content\/uploads\/2020\/03\/rollen2-2048x2048.jpg 2048w\" sizes=\"auto, (max-width: 2560px) 100vw, 2560px\" \/><\/a><br \/>\n<a href=\"http:\/\/www.falken-nuernberg.de\/wordpress\/wp-content\/uploads\/2020\/03\/rollen3-scaled.jpg\"><img loading=\"lazy\" decoding=\"async\" class=\"alignnone size-full wp-image-2846\" src=\"http:\/\/www.falken-nuernberg.de\/wordpress\/wp-content\/uploads\/2020\/03\/rollen3-scaled.jpg\" alt=\"Rollen\" width=\"2560\" height=\"2560\" srcset=\"https:\/\/www.falken-nuernberg.de\/wordpress\/wp-content\/uploads\/2020\/03\/rollen3-scaled.jpg 2560w, https:\/\/www.falken-nuernberg.de\/wordpress\/wp-content\/uploads\/2020\/03\/rollen3-300x300.jpg 300w, https:\/\/www.falken-nuernberg.de\/wordpress\/wp-content\/uploads\/2020\/03\/rollen3-1024x1024.jpg 1024w, https:\/\/www.falken-nuernberg.de\/wordpress\/wp-content\/uploads\/2020\/03\/rollen3-150x150.jpg 150w, https:\/\/www.falken-nuernberg.de\/wordpress\/wp-content\/uploads\/2020\/03\/rollen3-768x768.jpg 768w, https:\/\/www.falken-nuernberg.de\/wordpress\/wp-content\/uploads\/2020\/03\/rollen3-1536x1536.jpg 1536w, https:\/\/www.falken-nuernberg.de\/wordpress\/wp-content\/uploads\/2020\/03\/rollen3-2048x2048.jpg 2048w\" sizes=\"auto, (max-width: 2560px) 100vw, 2560px\" \/><\/a><br \/>\n&nbsp;<\/p>\n<h1>\ud83d\udc69\u200d\ud83c\udfa8 Kombinieren<\/h1>\n<p>Kombiniere doch einfach die verschiedenen Methoden: Rolle nochmal \u00fcber dein Stempelbild oder verpuste die gr\u00f6\u00dferen Kleckse, die die Zahnb\u00fcrste hinterlassen hat.<br \/>\n<a href=\"http:\/\/www.falken-nuernberg.de\/wordpress\/wp-content\/uploads\/2020\/03\/kombinieren-scaled.jpg\"><img loading=\"lazy\" decoding=\"async\" class=\"alignnone size-full wp-image-2838\" src=\"http:\/\/www.falken-nuernberg.de\/wordpress\/wp-content\/uploads\/2020\/03\/kombinieren-scaled.jpg\" alt=\"\" width=\"2560\" height=\"2560\" srcset=\"https:\/\/www.falken-nuernberg.de\/wordpress\/wp-content\/uploads\/2020\/03\/kombinieren-scaled.jpg 2560w, https:\/\/www.falken-nuernberg.de\/wordpress\/wp-content\/uploads\/2020\/03\/kombinieren-300x300.jpg 300w, https:\/\/www.falken-nuernberg.de\/wordpress\/wp-content\/uploads\/2020\/03\/kombinieren-1024x1024.jpg 1024w, https:\/\/www.falken-nuernberg.de\/wordpress\/wp-content\/uploads\/2020\/03\/kombinieren-150x150.jpg 150w, https:\/\/www.falken-nuernberg.de\/wordpress\/wp-content\/uploads\/2020\/03\/kombinieren-768x768.jpg 768w, https:\/\/www.falken-nuernberg.de\/wordpress\/wp-content\/uploads\/2020\/03\/kombinieren-1536x1536.jpg 1536w, https:\/\/www.falken-nuernberg.de\/wordpress\/wp-content\/uploads\/2020\/03\/kombinieren-2048x2048.jpg 2048w\" sizes=\"auto, (max-width: 2560px) 100vw, 2560px\" \/><\/a><br \/>\n&nbsp;<\/p>\n<h1>\u270d\ufe0f Botschaft draufschreiben<\/h1>\n<p>Nimm dir einen dicken Stift und schreibe vorne auf die Karte deine Hauptbotschaft drauf:<br \/>\nz.B. \u201eWir haben Platz\u201c oder \u201eLeave no one behind\u201c, was hei\u00dft, dass niemand zur\u00fcckgelassen werden soll. <a href=\"http:\/\/www.falken-nuernberg.de\/wordpress\/wp-content\/uploads\/2020\/03\/botschaft-scaled.jpg\"><img loading=\"lazy\" decoding=\"async\" class=\"alignnone size-full wp-image-2903\" src=\"http:\/\/www.falken-nuernberg.de\/wordpress\/wp-content\/uploads\/2020\/03\/botschaft-scaled.jpg\" alt=\"Postkarte mit Botschaft\" width=\"2560\" height=\"1985\" srcset=\"https:\/\/www.falken-nuernberg.de\/wordpress\/wp-content\/uploads\/2020\/03\/botschaft-scaled.jpg 2560w, https:\/\/www.falken-nuernberg.de\/wordpress\/wp-content\/uploads\/2020\/03\/botschaft-300x233.jpg 300w, https:\/\/www.falken-nuernberg.de\/wordpress\/wp-content\/uploads\/2020\/03\/botschaft-1024x794.jpg 1024w, https:\/\/www.falken-nuernberg.de\/wordpress\/wp-content\/uploads\/2020\/03\/botschaft-768x596.jpg 768w, https:\/\/www.falken-nuernberg.de\/wordpress\/wp-content\/uploads\/2020\/03\/botschaft-1536x1191.jpg 1536w, https:\/\/www.falken-nuernberg.de\/wordpress\/wp-content\/uploads\/2020\/03\/botschaft-2048x1588.jpg 2048w, https:\/\/www.falken-nuernberg.de\/wordpress\/wp-content\/uploads\/2020\/03\/botschaft-387x300.jpg 387w\" sizes=\"auto, (max-width: 2560px) 100vw, 2560px\" \/><\/a><\/p>\n<p style=\"margin: 1.625em 0 0.75em;\">Hinten auf die Karte kommt der Text. Wir haben Folgendes draufgeschrieben.<\/p>\n<p style=\"margin: 1.625em 0 0.75em;\"><strong style=\"padding-bottom: 0;\">\u270d\ufe0f Das d\u00fcrft ihr gerne abschreiben:<\/strong><\/p>\n<div style=\"padding: 0 20px 10px 20px; font-style: italic;\">Sehr geehrte\/ Sehr geehrter (Name des\/der Empf\u00e4nger*in einf\u00fcgen),<br \/>\nin den letzten Tagen wird viel von Solidarit\u00e4t und Verantwortung geredet, weil jedes Menschenleben wertvoll ist. Bitte setzen Sie sich daf\u00fcr ein, dass auch die gefl\u00fcchteten Menschen an den EU-Au\u00dfengrenzen einen lebenswerten R\u00fcckzugsort in Sicherheit bekommen. Wir haben doch Platz hier. #leaveNoOneBehind #stayathome #flattenthecurve #wirHabenPlatz<\/div>\n<div style=\"padding: 0 20px 10px 20px; font-style: italic;\">P.S.: Wenn Ihnen die Karte gef\u00e4llt, posten Sie doch ein Foto auf Social Media!<\/div>\n<div style=\"display: flex; margin: auto;\"><a style=\"display: flex; padding: 10px 15px; background-color: #14168D; color: #ffffff; border-radius: 4px; text-decoration: none; font-weight: bold;\" href=\"http:\/\/www.falken-nuernberg.de\/?p=2980\" rel=\"noopener noreferrer\">Zur\u00fcck<\/a><\/div>\n","protected":false},"excerpt":{"rendered":"<p>Es gibt viele M\u00f6glichkeiten, die Karten bunt zu machen, alles ist erlaubt. Du kannst ein Bild malen oder eine von unseren Vorschl\u00e4gen ausprobieren. Kartenrohlinge kann man in Schreibwarenabteilungen von Superm\u00e4rkten oder Drogerien kaufen, oder man schneidet sie aus Tonpapier selbst &hellip; <a href=\"https:\/\/www.falken-nuernberg.de\/?page_id=2753\">Weiterlesen <span class=\"meta-nav\">&rarr;<\/span><\/a><\/p>\n","protected":false},"author":1,"featured_media":0,"parent":0,"menu_order":0,"comment_status":"closed","ping_status":"closed","template":"","meta":{"footnotes":""},"class_list":["post-2753","page","type-page","status-publish","hentry"],"_links":{"self":[{"href":"https:\/\/www.falken-nuernberg.de\/index.php?rest_route=\/wp\/v2\/pages\/2753","targetHints":{"allow":["GET"]}}],"collection":[{"href":"https:\/\/www.falken-nuernberg.de\/index.php?rest_route=\/wp\/v2\/pages"}],"about":[{"href":"https:\/\/www.falken-nuernberg.de\/index.php?rest_route=\/wp\/v2\/types\/page"}],"author":[{"embeddable":true,"href":"https:\/\/www.falken-nuernberg.de\/index.php?rest_route=\/wp\/v2\/users\/1"}],"replies":[{"embeddable":true,"href":"https:\/\/www.falken-nuernberg.de\/index.php?rest_route=%2Fwp%2Fv2%2Fcomments&post=2753"}],"version-history":[{"count":36,"href":"https:\/\/www.falken-nuernberg.de\/index.php?rest_route=\/wp\/v2\/pages\/2753\/revisions"}],"predecessor-version":[{"id":2986,"href":"https:\/\/www.falken-nuernberg.de\/index.php?rest_route=\/wp\/v2\/pages\/2753\/revisions\/2986"}],"wp:attachment":[{"href":"https:\/\/www.falken-nuernberg.de\/index.php?rest_route=%2Fwp%2Fv2%2Fmedia&parent=2753"}],"curies":[{"name":"wp","href":"https:\/\/api.w.org\/{rel}","templated":true}]}}